{"id":7591,"date":"2024-09-18T19:53:33","date_gmt":"2024-09-18T18:53:33","guid":{"rendered":"https:\/\/triatlonsanse.com\/triatlonsanse\/?page_id=7591"},"modified":"2024-10-05T16:56:09","modified_gmt":"2024-10-05T15:56:09","slug":"fixcar-alonso-hermanos","status":"publish","type":"page","link":"https:\/\/triatlonsanse.com\/triatlonsanse\/inicio\/patrocinadores\/fixcar-alonso-hermanos\/","title":{"rendered":"Fixcar Alonso Hermanos"},"content":{"rendered":"<style>.elementor-7591 .elementor-element.elementor-element-6a39e3a:not(.elementor-motion-effects-element-type-background), .elementor-7591 .elementor-element.elementor-element-6a39e3a > .elementor-motion-effects-container > .elementor-motion-effects-layer{background-image:url(\"https:\/\/triatlonsanse.com\/triatlonsanse\/wp-content\/uploads\/Portada-Fixcar.jpg\");background-position:center center;background-repeat:no-repeat;background-size:cover;}.elementor-7591 .elementor-element.elementor-element-6a39e3a > .elementor-background-overlay{background-color:var( --e-global-color-aad1148 );opacity:0.38;transition:background 0.3s, border-radius 0.3s, opacity 0.3s;}.elementor-7591 .elementor-element.elementor-element-6a39e3a > .elementor-container{max-width:1160px;}.elementor-7591 .elementor-element.elementor-element-6a39e3a{transition:background 0.3s, border 0.3s, border-radius 0.3s, box-shadow 0.3s;padding:100px 0px 100px 0px;}.elementor-7591 .elementor-element.elementor-element-2981232 > .elementor-widget-container{margin:0px 0px 0px 0px;}.elementor-7591 .elementor-element.elementor-element-2981232{z-index:3;}.elementor-7591 .elementor-element.elementor-element-2981232 .jeg-elementor-kit.jkit-heading{text-align:center;}.elementor-7591 .elementor-element.elementor-element-2981232 .jeg-elementor-kit.jkit-heading .heading-title{font-family:var( --e-global-typography-secondary-font-family ), Sans-serif;font-size:var( --e-global-typography-secondary-font-size );font-weight:var( --e-global-typography-secondary-font-weight );color:var( --e-global-color-eb62687 );}.elementor-7591 .elementor-element.elementor-element-2981232 .jeg-elementor-kit.jkit-heading .heading-section-title{margin:0px 0px -5px 0px;}.elementor-7591 .elementor-element.elementor-element-2981232 .jeg-elementor-kit.jkit-heading .heading-title > span{color:var( --e-global-color-primary );font-family:var( --e-global-typography-primary-font-family ), Sans-serif;font-size:var( --e-global-typography-primary-font-size );font-weight:var( --e-global-typography-primary-font-weight );font-style:var( --e-global-typography-primary-font-style );line-height:var( --e-global-typography-primary-line-height );}.elementor-7591 .elementor-element.elementor-element-2981232 .jeg-elementor-kit.jkit-heading .separator-wrapper.style-dotted, .elementor-7591 .elementor-element.elementor-element-2981232 .jeg-elementor-kit.jkit-heading .separator-wrapper.style-solid, .elementor-7591 .elementor-element.elementor-element-2981232 .jeg-elementor-kit.jkit-heading .separator-wrapper.style-solid-star, .elementor-7591 .elementor-element.elementor-element-2981232 .jeg-elementor-kit.jkit-heading .separator-wrapper.style-solid-bullet{width:120px;}.elementor-7591 .elementor-element.elementor-element-2981232 .jeg-elementor-kit.jkit-heading .separator-wrapper:not(.style-custom), .elementor-7591 .elementor-element.elementor-element-2981232 .jeg-elementor-kit.jkit-heading .separator-wrapper.style-dotted:after{height:5px;}.elementor-7591 .elementor-element.elementor-element-2981232 .jeg-elementor-kit.jkit-heading .separator-wrapper.style-dotted, .elementor-7591 .elementor-element.elementor-element-2981232 .jeg-elementor-kit.jkit-heading .separator-wrapper.style-solid{background:#E6086E;}.elementor-7591 .elementor-element.elementor-element-2981232 .jeg-elementor-kit.jkit-heading .separator-wrapper.style-dotted:after{background-color:#E6086E;box-shadow:9px 0 0 0 #E6086E, 18px 0 0 0 #E6086E;}.elementor-7591 .elementor-element.elementor-element-2981232 .jeg-elementor-kit.jkit-heading .separator-wrapper.style-solid-bullet, .elementor-7591 .elementor-element.elementor-element-2981232 .jeg-elementor-kit.jkit-heading .separator-wrapper.style-solid-star{background:linear-gradient(90deg, #E6086E 0, #E6086E 38%, rgba(255,255,255,0) 38%, rgba(255,255,255,0) 62%, #E6086E 62%, #E6086E 100%);}.elementor-7591 .elementor-element.elementor-element-2981232 .jeg-elementor-kit.jkit-heading .separator-wrapper.style-solid-bullet:after, .elementor-7591 .elementor-element.elementor-element-2981232 .jeg-elementor-kit.jkit-heading .separator-wrapper.style-solid-star:after{background-color:#E6086E;}.elementor-7591 .elementor-element.elementor-element-181a479{--spacer-size:50px;}.elementor-7591 .elementor-element.elementor-element-624782e{--spacer-size:50px;}.elementor-7591 .elementor-element.elementor-element-d885180 iframe{height:380px;}.elementor-7591 .elementor-element.elementor-element-641a054{--spacer-size:50px;}:root{--page-title-display:none;}@media(max-width:1024px){.elementor-7591 .elementor-element.elementor-element-6a39e3a{padding:80px 0px 80px 0px;}.elementor-7591 .elementor-element.elementor-element-2981232 .jeg-elementor-kit.jkit-heading{text-align:center;}.elementor-7591 .elementor-element.elementor-element-2981232 .jeg-elementor-kit.jkit-heading .heading-title{font-size:var( --e-global-typography-secondary-font-size );}.elementor-7591 .elementor-element.elementor-element-2981232 .jeg-elementor-kit.jkit-heading .heading-title > span{font-size:var( --e-global-typography-primary-font-size );line-height:var( --e-global-typography-primary-line-height );}}@media(max-width:767px){.elementor-7591 .elementor-element.elementor-element-6a39e3a:not(.elementor-motion-effects-element-type-background), .elementor-7591 .elementor-element.elementor-element-6a39e3a > .elementor-motion-effects-container > .elementor-motion-effects-layer{background-position:center center;}.elementor-7591 .elementor-element.elementor-element-6a39e3a{padding:50px 0px 50px 0px;}.elementor-7591 .elementor-element.elementor-element-2981232 .jeg-elementor-kit.jkit-heading{text-align:center;}.elementor-7591 .elementor-element.elementor-element-2981232 .jeg-elementor-kit.jkit-heading .heading-title{font-size:var( --e-global-typography-secondary-font-size );}.elementor-7591 .elementor-element.elementor-element-2981232 .jeg-elementor-kit.jkit-heading .heading-title > span{font-size:var( --e-global-typography-primary-font-size );line-height:var( --e-global-typography-primary-line-height );}.elementor-7591 .elementor-element.elementor-element-2981232 .jeg-elementor-kit.jkit-heading .separator-wrapper:not(.style-custom), .elementor-7591 .elementor-element.elementor-element-2981232 .jeg-elementor-kit.jkit-heading .separator-wrapper.style-dotted:after{height:3px;}}@media(min-width:1025px){.elementor-7591 .elementor-element.elementor-element-6a39e3a:not(.elementor-motion-effects-element-type-background), .elementor-7591 .elementor-element.elementor-element-6a39e3a > .elementor-motion-effects-container > .elementor-motion-effects-layer{background-attachment:scroll;}}<\/style>\t\t<div data-elementor-type=\"wp-page\" data-elementor-id=\"7591\" class=\"elementor elementor-7591\" data-elementor-post-type=\"page\">\n\t\t\t\t\t\t<section class=\"elementor-section elementor-top-section elementor-element elementor-element-6a39e3a elementor-section-boxed elementor-section-height-default elementor-section-height-default\" data-id=\"6a39e3a\" data-element_type=\"section\" data-settings=\"{&quot;background_background&quot;:&quot;classic&quot;}\">\n\t\t\t\t\t\t\t<div class=\"elementor-background-overlay\"><\/div>\n\t\t\t\t\t\t\t<div class=\"elementor-container elementor-column-gap-no\">\n\t\t\t\t\t<div class=\"elementor-column elementor-col-100 elementor-top-column elementor-element elementor-element-d52668c\" data-id=\"d52668c\" data-element_type=\"column\">\n\t\t\t<div class=\"elementor-widget-wrap elementor-element-populated\">\n\t\t\t\t\t\t<div class=\"elementor-element elementor-element-2981232 elementor-widget elementor-widget-jkit_heading\" data-id=\"2981232\" data-element_type=\"widget\" data-widget_type=\"jkit_heading.default\">\n\t\t\t\t<div class=\"elementor-widget-container\">\n\t\t\t\t\t<div  class=\"jeg-elementor-kit jkit-heading  align-center align-tablet-center align-mobile-center jeg_module___69d03fdbb9cf2\" ><div class=\"heading-section-title  display-inline-block\"><h2 class=\"heading-title\">Fixcar Alonso Hermanos<\/h2><\/div><div class=\"heading-section-separator\"><div class=\"separator-wrapper style-solid\"><\/div><\/div><\/div>\t\t\t\t<\/div>\n\t\t\t\t<\/div>\n\t\t\t\t\t<\/div>\n\t\t<\/div>\n\t\t\t\t\t<\/div>\n\t\t<\/section>\n\t\t\t\t<section class=\"elementor-section elementor-top-section elementor-element elementor-element-ff6b01b elementor-section-boxed elementor-section-height-default elementor-section-height-default\" data-id=\"ff6b01b\" data-element_type=\"section\">\n\t\t\t\t\t\t<div class=\"elementor-container elementor-column-gap-default\">\n\t\t\t\t\t<div class=\"elementor-column elementor-col-100 elementor-top-column elementor-element elementor-element-2e2673b\" data-id=\"2e2673b\" data-element_type=\"column\">\n\t\t\t<div class=\"elementor-widget-wrap elementor-element-populated\">\n\t\t\t\t\t\t<div class=\"elementor-element elementor-element-181a479 elementor-widget elementor-widget-spacer\" data-id=\"181a479\" data-element_type=\"widget\" data-widget_type=\"spacer.default\">\n\t\t\t\t<div class=\"elementor-widget-container\">\n\t\t\t\t\t\t\t<div class=\"elementor-spacer\">\n\t\t\t<div class=\"elementor-spacer-inner\"><\/div>\n\t\t<\/div>\n\t\t\t\t\t\t<\/div>\n\t\t\t\t<\/div>\n\t\t\t\t\t<\/div>\n\t\t<\/div>\n\t\t\t\t\t<\/div>\n\t\t<\/section>\n\t\t\t\t<section class=\"elementor-section elementor-top-section elementor-element elementor-element-7292f8c elementor-section-boxed elementor-section-height-default elementor-section-height-default\" data-id=\"7292f8c\" data-element_type=\"section\">\n\t\t\t\t\t\t<div class=\"elementor-container elementor-column-gap-default\">\n\t\t\t\t\t<div class=\"elementor-column elementor-col-50 elementor-top-column elementor-element elementor-element-47def3f\" data-id=\"47def3f\" data-element_type=\"column\">\n\t\t\t<div class=\"elementor-widget-wrap elementor-element-populated\">\n\t\t\t\t\t\t<div class=\"elementor-element elementor-element-e305f9a elementor-widget elementor-widget-image\" data-id=\"e305f9a\" data-element_type=\"widget\" data-widget_type=\"image.default\">\n\t\t\t\t<div class=\"elementor-widget-container\">\n\t\t\t\t\t\t\t\t\t\t\t\t\t\t\t<img fetchpriority=\"high\" decoding=\"async\" width=\"267\" height=\"200\" src=\"https:\/\/triatlonsanse.com\/triatlonsanse\/wp-content\/uploads\/Logo-Fixcar.jpg\" class=\"attachment-large size-large wp-image-7589\" alt=\"\" \/>\t\t\t\t\t\t\t\t\t\t\t\t\t\t\t<\/div>\n\t\t\t\t<\/div>\n\t\t\t\t\t<\/div>\n\t\t<\/div>\n\t\t\t\t<div class=\"elementor-column elementor-col-50 elementor-top-column elementor-element elementor-element-e9cc309\" data-id=\"e9cc309\" data-element_type=\"column\">\n\t\t\t<div class=\"elementor-widget-wrap elementor-element-populated\">\n\t\t\t\t\t\t<div class=\"elementor-element elementor-element-6c1450c elementor-widget elementor-widget-text-editor\" data-id=\"6c1450c\" data-element_type=\"widget\" data-widget_type=\"text-editor.default\">\n\t\t\t\t<div class=\"elementor-widget-container\">\n\t\t\t\t\t\t\t\t\t<p><b>P\u00e1gina WEB: <\/b><a href=\"https:\/\/alonsohermanos.com\" target=\"_blank\" rel=\"noopener\">https:\/\/alonsohermanos.com<\/a><\/p><p><b>Twitter: &#8211;<\/b><\/p><p><b>Facebook: <\/b><a href=\"https:\/\/www.facebook.com\/fixcaralonsohermanos\" target=\"_blank\" rel=\"noopener\">https:\/\/www.facebook.com\/fixcaralonsohermanos<\/a><\/p><p><b>Instagram:\u00a0<\/b><a href=\"https:\/\/www.instagram.com\/alonsohermanos\" target=\"_blank\" rel=\"noopener\">https:\/\/www.instagram.com\/alonsohermanos<\/a><\/p><p><b>Tel\u00e9fono: <\/b>913611593 \/ 606352658<\/p><p><b>Localizaci\u00f3n:<\/b><span class=\"w8qArf\">\u00a0<\/span><span class=\"LrzXr\">Calle Bristol 5. 28028, Madrid<\/span><\/p>\t\t\t\t\t\t\t\t<\/div>\n\t\t\t\t<\/div>\n\t\t\t\t\t<\/div>\n\t\t<\/div>\n\t\t\t\t\t<\/div>\n\t\t<\/section>\n\t\t\t\t<section class=\"elementor-section elementor-top-section elementor-element elementor-element-cf491ec elementor-section-boxed elementor-section-height-default elementor-section-height-default\" data-id=\"cf491ec\" data-element_type=\"section\">\n\t\t\t\t\t\t<div class=\"elementor-container elementor-column-gap-default\">\n\t\t\t\t\t<div class=\"elementor-column elementor-col-100 elementor-top-column elementor-element elementor-element-deeb542\" data-id=\"deeb542\" data-element_type=\"column\">\n\t\t\t<div class=\"elementor-widget-wrap elementor-element-populated\">\n\t\t\t\t\t\t<div class=\"elementor-element elementor-element-624782e elementor-widget elementor-widget-spacer\" data-id=\"624782e\" data-element_type=\"widget\" data-widget_type=\"spacer.default\">\n\t\t\t\t<div class=\"elementor-widget-container\">\n\t\t\t\t\t\t\t<div class=\"elementor-spacer\">\n\t\t\t<div class=\"elementor-spacer-inner\"><\/div>\n\t\t<\/div>\n\t\t\t\t\t\t<\/div>\n\t\t\t\t<\/div>\n\t\t\t\t\t<\/div>\n\t\t<\/div>\n\t\t\t\t\t<\/div>\n\t\t<\/section>\n\t\t\t\t<section class=\"elementor-section elementor-top-section elementor-element elementor-element-481877e elementor-section-boxed elementor-section-height-default elementor-section-height-default\" data-id=\"481877e\" data-element_type=\"section\">\n\t\t\t\t\t\t<div class=\"elementor-container elementor-column-gap-default\">\n\t\t\t\t\t<div class=\"elementor-column elementor-col-50 elementor-top-column elementor-element elementor-element-c4d552b\" data-id=\"c4d552b\" data-element_type=\"column\">\n\t\t\t<div class=\"elementor-widget-wrap elementor-element-populated\">\n\t\t\t\t\t\t<div class=\"elementor-element elementor-element-ca69988 elementor-widget elementor-widget-heading\" data-id=\"ca69988\" data-element_type=\"widget\" data-widget_type=\"heading.default\">\n\t\t\t\t<div class=\"elementor-widget-container\">\n\t\t\t\t\t<h2 class=\"elementor-heading-title elementor-size-default\">Descripci\u00f3n<\/h2>\t\t\t\t<\/div>\n\t\t\t\t<\/div>\n\t\t\t\t<div class=\"elementor-element elementor-element-18318e2 elementor-widget elementor-widget-text-editor\" data-id=\"18318e2\" data-element_type=\"widget\" data-widget_type=\"text-editor.default\">\n\t\t\t\t<div class=\"elementor-widget-container\">\n\t\t\t\t\t\t\t\t\t<p>Si buscas un taller de confianza en Madrid est\u00e1s en el lugar correcto. Bienvenidos a\u00a0TALLERES FIXCAR ALONSO HERMANOS,\u00a0Taller Multimarca FIXCAR. Estamos a vuestra disposici\u00f3n: en el Parque de la Avenidas de Madrid (28028), Calle Bristol N\u00ba5.<\/p><p>Te invitamos a conocer nuestras instalaciones y ponemos a tu disposici\u00f3n un amplio equipo de profesionales y servicios. Tambi\u00e9n tenemos una extensa gama de turismos, veh\u00edculos industriales, seminuevos y KM 0, as\u00ed como veh\u00edculos de ocasi\u00f3n de todas las marcas.<\/p>\t\t\t\t\t\t\t\t<\/div>\n\t\t\t\t<\/div>\n\t\t\t\t\t<\/div>\n\t\t<\/div>\n\t\t\t\t<div class=\"elementor-column elementor-col-50 elementor-top-column elementor-element elementor-element-c260142\" data-id=\"c260142\" data-element_type=\"column\">\n\t\t\t<div class=\"elementor-widget-wrap elementor-element-populated\">\n\t\t\t\t\t\t<div class=\"elementor-element elementor-element-d885180 elementor-widget elementor-widget-google_maps\" data-id=\"d885180\" data-element_type=\"widget\" data-widget_type=\"google_maps.default\">\n\t\t\t\t<div class=\"elementor-widget-container\">\n\t\t\t\t\t\t\t<div class=\"elementor-custom-embed\">\n\t\t\t<iframe loading=\"lazy\"\n\t\t\t\t\tsrc=\"https:\/\/maps.google.com\/maps?q=fixcar%20alonso%20hermanos&#038;t=m&#038;z=10&#038;output=embed&#038;iwloc=near\"\n\t\t\t\t\ttitle=\"fixcar alonso hermanos\"\n\t\t\t\t\taria-label=\"fixcar alonso hermanos\"\n\t\t\t><\/iframe>\n\t\t<\/div>\n\t\t\t\t\t\t<\/div>\n\t\t\t\t<\/div>\n\t\t\t\t\t<\/div>\n\t\t<\/div>\n\t\t\t\t\t<\/div>\n\t\t<\/section>\n\t\t\t\t<section class=\"elementor-section elementor-top-section elementor-element elementor-element-412673f elementor-section-boxed elementor-section-height-default elementor-section-height-default\" data-id=\"412673f\" data-element_type=\"section\">\n\t\t\t\t\t\t<div class=\"elementor-container elementor-column-gap-default\">\n\t\t\t\t\t<div class=\"elementor-column elementor-col-100 elementor-top-column elementor-element elementor-element-80290b6\" data-id=\"80290b6\" data-element_type=\"column\">\n\t\t\t<div class=\"elementor-widget-wrap elementor-element-populated\">\n\t\t\t\t\t\t<div class=\"elementor-element elementor-element-641a054 elementor-widget elementor-widget-spacer\" data-id=\"641a054\" data-element_type=\"widget\" data-widget_type=\"spacer.default\">\n\t\t\t\t<div class=\"elementor-widget-container\">\n\t\t\t\t\t\t\t<div class=\"elementor-spacer\">\n\t\t\t<div class=\"elementor-spacer-inner\"><\/div>\n\t\t<\/div>\n\t\t\t\t\t\t<\/div>\n\t\t\t\t<\/div>\n\t\t\t\t\t<\/div>\n\t\t<\/div>\n\t\t\t\t\t<\/div>\n\t\t<\/section>\n\t\t\t\t<\/div>\n\t\t","protected":false},"excerpt":{"rendered":"<p>Fixcar Alonso Hermanos P\u00e1gina WEB: https:\/\/alonsohermanos.com Twitter: &#8211; Facebook: https:\/\/www.facebook.com\/fixcaralonsohermanos Instagram:\u00a0https:\/\/www.instagram.com\/alonsohermanos Tel\u00e9fono: 913611593 \/ 606352658 Localizaci\u00f3n:\u00a0Calle Bristol 5. 28028, Madrid Descripci\u00f3n Si buscas un taller de confianza en Madrid est\u00e1s en el lugar correcto. Bienvenidos a\u00a0TALLERES FIXCAR ALONSO HERMANOS,\u00a0Taller Multimarca FIXCAR. Estamos a vuestra disposici\u00f3n: en el Parque de la Avenidas de Madrid (28028), Calle [&hellip;]<\/p>\n","protected":false},"author":1,"featured_media":0,"parent":4678,"menu_order":12,"comment_status":"closed","ping_status":"closed","template":"","meta":{"_acf_changed":false,"footnotes":""},"class_list":["post-7591","page","type-page","status-publish","hentry"],"acf":[],"_links":{"self":[{"href":"https:\/\/triatlonsanse.com\/triatlonsanse\/wp-json\/wp\/v2\/pages\/7591","targetHints":{"allow":["GET"]}}],"collection":[{"href":"https:\/\/triatlonsanse.com\/triatlonsanse\/wp-json\/wp\/v2\/pages"}],"about":[{"href":"https:\/\/triatlonsanse.com\/triatlonsanse\/wp-json\/wp\/v2\/types\/page"}],"author":[{"embeddable":true,"href":"https:\/\/triatlonsanse.com\/triatlonsanse\/wp-json\/wp\/v2\/users\/1"}],"replies":[{"embeddable":true,"href":"https:\/\/triatlonsanse.com\/triatlonsanse\/wp-json\/wp\/v2\/comments?post=7591"}],"version-history":[{"count":10,"href":"https:\/\/triatlonsanse.com\/triatlonsanse\/wp-json\/wp\/v2\/pages\/7591\/revisions"}],"predecessor-version":[{"id":7630,"href":"https:\/\/triatlonsanse.com\/triatlonsanse\/wp-json\/wp\/v2\/pages\/7591\/revisions\/7630"}],"up":[{"embeddable":true,"href":"https:\/\/triatlonsanse.com\/triatlonsanse\/wp-json\/wp\/v2\/pages\/4678"}],"wp:attachment":[{"href":"https:\/\/triatlonsanse.com\/triatlonsanse\/wp-json\/wp\/v2\/media?parent=7591"}],"curies":[{"name":"wp","href":"https:\/\/api.w.org\/{rel}","templated":true}]}}