{"id":6776,"date":"2023-11-30T17:33:19","date_gmt":"2023-11-30T16:33:19","guid":{"rendered":"https:\/\/triatlonsanse.com\/triatlonsanse\/?page_id=6776"},"modified":"2025-12-02T14:34:54","modified_gmt":"2025-12-02T13:34:54","slug":"horarios","status":"publish","type":"page","link":"https:\/\/triatlonsanse.com\/triatlonsanse\/inicio\/el-club\/horarios\/","title":{"rendered":"Horarios de entrenamiento"},"content":{"rendered":"\t\t<div data-elementor-type=\"wp-page\" data-elementor-id=\"6776\" class=\"elementor elementor-6776\" data-elementor-post-type=\"page\">\n\t\t\t\t\t\t<section class=\"elementor-section elementor-top-section elementor-element elementor-element-de2f1c3 elementor-section-boxed elementor-section-height-default elementor-section-height-default\" data-id=\"de2f1c3\" data-element_type=\"section\">\n\t\t\t\t\t\t<div class=\"elementor-container elementor-column-gap-default\">\n\t\t\t\t\t<div class=\"elementor-column elementor-col-100 elementor-top-column elementor-element elementor-element-d0a1112\" data-id=\"d0a1112\" data-element_type=\"column\">\n\t\t\t<div class=\"elementor-widget-wrap elementor-element-populated\">\n\t\t\t\t\t\t<section class=\"elementor-section elementor-inner-section elementor-element elementor-element-6a5e76c elementor-section-full_width elementor-section-height-default elementor-section-height-default\" data-id=\"6a5e76c\" data-element_type=\"section\">\n\t\t\t\t\t\t<div class=\"elementor-container elementor-column-gap-default\">\n\t\t\t\t\t<div class=\"elementor-column elementor-col-100 elementor-inner-column elementor-element elementor-element-7a36038\" data-id=\"7a36038\" data-element_type=\"column\">\n\t\t\t<div class=\"elementor-widget-wrap elementor-element-populated\">\n\t\t\t\t\t\t<div class=\"elementor-element elementor-element-1ea5e01 elementor-widget elementor-widget-text-editor\" data-id=\"1ea5e01\" data-element_type=\"widget\" data-widget_type=\"text-editor.default\">\n\t\t\t\t<div class=\"elementor-widget-container\">\n\t\t\t\t\t\t\t\t\t<p>Gracias a los acuerdos alcanzados con el Ayuntamiento de San Sebasti\u00e1n de los Reyes, dispondremos de las instalaciones del Polideportivo de la Dehesa Boyal. De esta forma, los deportistas del Club en sus tarifas presenciales (<strong>Duatl\u00f3n<\/strong>, <strong>Nataci\u00f3n <\/strong>y <strong>Triatl\u00f3n<\/strong>), podr\u00e1n entrenar en los siguientes horarios:<\/p>\n<p><!-- \/wp:paragraph --><!-- wp:paragraph --><\/p>\n<p><!-- \/wp:button --><\/p>\t\t\t\t\t\t\t\t<\/div>\n\t\t\t\t<\/div>\n\t\t\t\t<div class=\"elementor-element elementor-element-160d295 elementor-widget elementor-widget-text-editor\" data-id=\"160d295\" data-element_type=\"widget\" data-widget_type=\"text-editor.default\">\n\t\t\t\t<div class=\"elementor-widget-container\">\n\t\t\t\t\t\t\t\t\t<ul>\n<li><strong>Piscina (tarifas Triatl\u00f3n y Nataci\u00f3n)<\/strong>\n<ul>\n<li><u>Lunes, mi\u00e9rcoles y jueves<\/u> de 8:00 a 9:00 y de 21:30 a 22:30 horas.<\/li>\n<li><u>Lunes<\/u> de 12:00 a 13:00 horas (sin entrenador).<\/li>\n<li><u>S\u00e1bados<\/u> de 8:00 a 9:00 horas.<\/li>\n<\/ul>\n<\/li>\n<\/ul>\n<p><!-- \/wp:paragraph --><!-- wp:paragraph --><\/p>\n<p><!-- \/wp:button --><\/p>\t\t\t\t\t\t\t\t<\/div>\n\t\t\t\t<\/div>\n\t\t\t\t<div class=\"elementor-element elementor-element-5914b99 elementor-widget elementor-widget-text-editor\" data-id=\"5914b99\" data-element_type=\"widget\" data-widget_type=\"text-editor.default\">\n\t\t\t\t<div class=\"elementor-widget-container\">\n\t\t\t\t\t\t\t\t\t<ul>\n<li><strong>\u00a0Pista de atletismo (tarifas Triatl\u00f3n, Duatl\u00f3n y Corredor)<\/strong>\n<ul>\n<li><u>Martes y jueves<\/u> de 9:00 a 10:30 (sin entrenador) y de 20:00 a 21:30 horas.<\/li>\n<li><u>Jueves<\/u> de 10:15 a 11:15 horas (sin entrenador).<\/li>\n<\/ul>\n<\/li>\n<\/ul>\n<p><!-- \/wp:paragraph --><!-- wp:paragraph --><\/p>\n<p><!-- \/wp:button --><\/p>\t\t\t\t\t\t\t\t<\/div>\n\t\t\t\t<\/div>\n\t\t\t\t<div class=\"elementor-element elementor-element-4368ba2 elementor-widget elementor-widget-text-editor\" data-id=\"4368ba2\" data-element_type=\"widget\" data-widget_type=\"text-editor.default\">\n\t\t\t\t<div class=\"elementor-widget-container\">\n\t\t\t\t\t\t\t\t\t<ul>\n<li><strong>Gimnasio (tarifas Triatl\u00f3n, Nataci\u00f3n y Duatl\u00f3n)<\/strong> (Sala de musculaci\u00f3n para clubes)\n<ul>\n<li><u>Lunes<\/u> de 10:30 a 11:45 y de 20:00 a 21:15 horas (esta \u00faltima con entrenador).<\/li>\n<li><u>Martes<\/u> de 9:45 a 10:30 horas.<\/li>\n<li><u>mi\u00e9rcoles<\/u> de 9:30 a 10:30<\/li>\n<li><u>jueves<\/u> de 9:15 a 10:15 horas.<\/li>\n<li><u>Viernes<\/u> de 9:15 a 10:00 horas.<\/li>\n<li><u>S\u00e1bado<\/u> de 9:15 a 10:15 horas.<\/li>\n<\/ul>\n<\/li>\n<\/ul>\n<p><!-- \/wp:paragraph --><!-- wp:paragraph --><\/p>\n<p><!-- \/wp:button --><\/p>\t\t\t\t\t\t\t\t<\/div>\n\t\t\t\t<\/div>\n\t\t\t\t<div class=\"elementor-element elementor-element-e6e4943 elementor-widget elementor-widget-text-editor\" data-id=\"e6e4943\" data-element_type=\"widget\" data-widget_type=\"text-editor.default\">\n\t\t\t\t<div class=\"elementor-widget-container\">\n\t\t\t\t\t\t\t\t\t<div><span style=\"color: var( --e-global-color-text ); font-family: var( --e-global-typography-text-font-family ), Sans-serif; font-size: var( --e-global-typography-text-font-size ); font-style: var( --e-global-typography-text-font-style ); font-weight: var( --e-global-typography-text-font-weight );\">Adem\u00e1s, todos los socios del Club, independientemente de su tipo de tarifa, podr\u00e1n disfrutar de las salidas de ciclismo y otras actividades que se ir\u00e1n proponiendo durante la temporada.<\/span><\/div>\n<p><!-- \/wp:paragraph --><!-- wp:paragraph --><\/p>\n<p><!-- \/wp:button --><\/p>\t\t\t\t\t\t\t\t<\/div>\n\t\t\t\t<\/div>\n\t\t\t\t<div class=\"elementor-element elementor-element-5bb6c59 elementor-widget elementor-widget-text-editor\" data-id=\"5bb6c59\" data-element_type=\"widget\" data-widget_type=\"text-editor.default\">\n\t\t\t\t<div class=\"elementor-widget-container\">\n\t\t\t\t\t\t\t\t\t<ul>\n<li><strong>Ciclismo<\/strong>\n<ul>\n<li><u>Mi\u00e9rcoles<\/u> a las 16:30 horas (duraci\u00f3n dependiendo de la salida).<\/li>\n<li><u>S\u00e1bados<\/u> a las 9:20 horas (duraci\u00f3n dependiendo de la salida).<\/li>\n<\/ul>\n<\/li>\n<\/ul>\n<p><!-- \/wp:paragraph --><!-- wp:paragraph --><\/p>\n<p><!-- \/wp:button --><\/p>\t\t\t\t\t\t\t\t<\/div>\n\t\t\t\t<\/div>\n\t\t\t\t\t<\/div>\n\t\t<\/div>\n\t\t\t\t\t<\/div>\n\t\t<\/section>\n\t\t\t\t<section class=\"elementor-section elementor-inner-section elementor-element elementor-element-dd97f77 elementor-section-full_width elementor-section-height-default elementor-section-height-default\" data-id=\"dd97f77\" data-element_type=\"section\">\n\t\t\t\t\t\t<div class=\"elementor-container elementor-column-gap-default\">\n\t\t\t\t\t<div class=\"elementor-column elementor-col-100 elementor-inner-column elementor-element elementor-element-91ddc8e\" data-id=\"91ddc8e\" data-element_type=\"column\">\n\t\t\t<div class=\"elementor-widget-wrap elementor-element-populated\">\n\t\t\t\t\t\t<div class=\"elementor-element elementor-element-8aeb85c elementor-widget elementor-widget-heading\" data-id=\"8aeb85c\" data-element_type=\"widget\" data-widget_type=\"heading.default\">\n\t\t\t\t<div class=\"elementor-widget-container\">\n\t\t\t\t\t<h2 class=\"elementor-heading-title elementor-size-default\">Contacto<\/h2>\t\t\t\t<\/div>\n\t\t\t\t<\/div>\n\t\t\t\t<div class=\"elementor-element elementor-element-8d944a0 elementor-widget elementor-widget-text-editor\" data-id=\"8d944a0\" data-element_type=\"widget\" data-widget_type=\"text-editor.default\">\n\t\t\t\t<div class=\"elementor-widget-container\">\n\t\t\t\t\t\t\t\t\t<p>Para cualquier consulta, no dudes en ponerte en contacto con nosotros <a href=\"https:\/\/triatlonsanse.com\/triatlonsanse\/inicio\/contacto\/\">mediante este enlace<\/a>.<\/p>\t\t\t\t\t\t\t\t<\/div>\n\t\t\t\t<\/div>\n\t\t\t\t<div class=\"elementor-element elementor-element-366923c elementor-widget elementor-widget-text-editor\" data-id=\"366923c\" data-element_type=\"widget\" data-widget_type=\"text-editor.default\">\n\t\t\t\t<div class=\"elementor-widget-container\">\n\t\t\t\t\t\t\t\t\t<p>Tambi\u00e9n puedes encontrarnos en los horarios de entrenamiento en el <strong>Polideportivo Dehesa Boyal<\/strong>, situado en la Avenida Navarrondan s\/n. 28702, San Sebasti\u00e1n de los Reyes.<\/p>\t\t\t\t\t\t\t\t<\/div>\n\t\t\t\t<\/div>\n\t\t\t\t<div class=\"elementor-element elementor-element-5705d40 elementor-widget elementor-widget-google_maps\" data-id=\"5705d40\" data-element_type=\"widget\" data-widget_type=\"google_maps.default\">\n\t\t\t\t<div class=\"elementor-widget-container\">\n\t\t\t\t\t\t\t<div class=\"elementor-custom-embed\">\n\t\t\t<iframe loading=\"lazy\"\n\t\t\t\t\tsrc=\"https:\/\/maps.google.com\/maps?q=Polideportivo%20Municipal%20Dehesa%20Boyal&#038;t=m&#038;z=17&#038;output=embed&#038;iwloc=near\"\n\t\t\t\t\ttitle=\"Polideportivo Municipal Dehesa Boyal\"\n\t\t\t\t\taria-label=\"Polideportivo Municipal Dehesa Boyal\"\n\t\t\t><\/iframe>\n\t\t<\/div>\n\t\t\t\t\t\t<\/div>\n\t\t\t\t<\/div>\n\t\t\t\t\t<\/div>\n\t\t<\/div>\n\t\t\t\t\t<\/div>\n\t\t<\/section>\n\t\t\t\t\t<\/div>\n\t\t<\/div>\n\t\t\t\t\t<\/div>\n\t\t<\/section>\n\t\t\t\t<\/div>\n\t\t","protected":false},"excerpt":{"rendered":"<p>Gracias a los acuerdos alcanzados con el Ayuntamiento de San Sebasti\u00e1n de los Reyes, dispondremos de las instalaciones del Polideportivo de la Dehesa Boyal. De esta forma, los deportistas del Club en sus tarifas presenciales (Duatl\u00f3n, Nataci\u00f3n y Triatl\u00f3n), podr\u00e1n entrenar en los siguientes horarios: Piscina (tarifas Triatl\u00f3n y Nataci\u00f3n) Lunes, mi\u00e9rcoles y jueves de [&hellip;]<\/p>\n","protected":false},"author":1,"featured_media":6779,"parent":4626,"menu_order":2,"comment_status":"closed","ping_status":"closed","template":"","meta":{"_acf_changed":false,"footnotes":""},"class_list":["post-6776","page","type-page","status-publish","has-post-thumbnail","hentry"],"acf":[],"_links":{"self":[{"href":"https:\/\/triatlonsanse.com\/triatlonsanse\/wp-json\/wp\/v2\/pages\/6776","targetHints":{"allow":["GET"]}}],"collection":[{"href":"https:\/\/triatlonsanse.com\/triatlonsanse\/wp-json\/wp\/v2\/pages"}],"about":[{"href":"https:\/\/triatlonsanse.com\/triatlonsanse\/wp-json\/wp\/v2\/types\/page"}],"author":[{"embeddable":true,"href":"https:\/\/triatlonsanse.com\/triatlonsanse\/wp-json\/wp\/v2\/users\/1"}],"replies":[{"embeddable":true,"href":"https:\/\/triatlonsanse.com\/triatlonsanse\/wp-json\/wp\/v2\/comments?post=6776"}],"version-history":[{"count":24,"href":"https:\/\/triatlonsanse.com\/triatlonsanse\/wp-json\/wp\/v2\/pages\/6776\/revisions"}],"predecessor-version":[{"id":8006,"href":"https:\/\/triatlonsanse.com\/triatlonsanse\/wp-json\/wp\/v2\/pages\/6776\/revisions\/8006"}],"up":[{"embeddable":true,"href":"https:\/\/triatlonsanse.com\/triatlonsanse\/wp-json\/wp\/v2\/pages\/4626"}],"wp:featuredmedia":[{"embeddable":true,"href":"https:\/\/triatlonsanse.com\/triatlonsanse\/wp-json\/wp\/v2\/media\/6779"}],"wp:attachment":[{"href":"https:\/\/triatlonsanse.com\/triatlonsanse\/wp-json\/wp\/v2\/media?parent=6776"}],"curies":[{"name":"wp","href":"https:\/\/api.w.org\/{rel}","templated":true}]}}