{"id":5922,"date":"2022-11-17T19:35:27","date_gmt":"2022-11-17T18:35:27","guid":{"rendered":"https:\/\/triatlonsanse.com\/triatlonsanse\/?page_id=5922"},"modified":"2023-02-22T16:28:24","modified_gmt":"2023-02-22T15:28:24","slug":"la-emilita","status":"publish","type":"page","link":"https:\/\/triatlonsanse.com\/triatlonsanse\/inicio\/patrocinadores\/la-emilita\/","title":{"rendered":"La Emilita"},"content":{"rendered":"\t\t<div data-elementor-type=\"wp-page\" data-elementor-id=\"5922\" class=\"elementor elementor-5922\" data-elementor-post-type=\"page\">\n\t\t\t\t\t\t<section class=\"elementor-section elementor-top-section elementor-element elementor-element-6a39e3a elementor-section-boxed elementor-section-height-default elementor-section-height-default\" data-id=\"6a39e3a\" data-element_type=\"section\" data-settings=\"{&quot;background_background&quot;:&quot;classic&quot;}\">\n\t\t\t\t\t\t\t<div class=\"elementor-background-overlay\"><\/div>\n\t\t\t\t\t\t\t<div class=\"elementor-container elementor-column-gap-no\">\n\t\t\t\t\t<div class=\"elementor-column elementor-col-100 elementor-top-column elementor-element elementor-element-d52668c\" data-id=\"d52668c\" data-element_type=\"column\">\n\t\t\t<div class=\"elementor-widget-wrap elementor-element-populated\">\n\t\t\t\t\t\t<div class=\"elementor-element elementor-element-2981232 elementor-widget elementor-widget-jkit_heading\" data-id=\"2981232\" data-element_type=\"widget\" data-widget_type=\"jkit_heading.default\">\n\t\t\t\t<div class=\"elementor-widget-container\">\n\t\t\t\t\t<div  class=\"jeg-elementor-kit jkit-heading  align-center align-tablet-center align-mobile-center jeg_module___69ee41e232e3a\" ><div class=\"heading-section-title  display-inline-block\"><h2 class=\"heading-title\">La Emilita<\/h2><\/div><div class=\"heading-section-separator\"><div class=\"separator-wrapper style-solid\"><\/div><\/div><\/div>\t\t\t\t<\/div>\n\t\t\t\t<\/div>\n\t\t\t\t\t<\/div>\n\t\t<\/div>\n\t\t\t\t\t<\/div>\n\t\t<\/section>\n\t\t\t\t<section class=\"elementor-section elementor-top-section elementor-element elementor-element-ff6b01b elementor-section-boxed elementor-section-height-default elementor-section-height-default\" data-id=\"ff6b01b\" data-element_type=\"section\">\n\t\t\t\t\t\t<div class=\"elementor-container elementor-column-gap-default\">\n\t\t\t\t\t<div class=\"elementor-column elementor-col-100 elementor-top-column elementor-element elementor-element-2e2673b\" data-id=\"2e2673b\" data-element_type=\"column\">\n\t\t\t<div class=\"elementor-widget-wrap elementor-element-populated\">\n\t\t\t\t\t\t<div class=\"elementor-element elementor-element-181a479 elementor-widget elementor-widget-spacer\" data-id=\"181a479\" data-element_type=\"widget\" data-widget_type=\"spacer.default\">\n\t\t\t\t<div class=\"elementor-widget-container\">\n\t\t\t\t\t\t\t<div class=\"elementor-spacer\">\n\t\t\t<div class=\"elementor-spacer-inner\"><\/div>\n\t\t<\/div>\n\t\t\t\t\t\t<\/div>\n\t\t\t\t<\/div>\n\t\t\t\t\t<\/div>\n\t\t<\/div>\n\t\t\t\t\t<\/div>\n\t\t<\/section>\n\t\t\t\t<section class=\"elementor-section elementor-top-section elementor-element elementor-element-0a0e96d elementor-section-boxed elementor-section-height-default elementor-section-height-default\" data-id=\"0a0e96d\" data-element_type=\"section\">\n\t\t\t\t\t\t<div class=\"elementor-container elementor-column-gap-default\">\n\t\t\t\t\t<div class=\"elementor-column elementor-col-50 elementor-top-column elementor-element elementor-element-2b5e0eb\" data-id=\"2b5e0eb\" data-element_type=\"column\">\n\t\t\t<div class=\"elementor-widget-wrap elementor-element-populated\">\n\t\t\t\t\t\t<div class=\"elementor-element elementor-element-46c78ab elementor-widget elementor-widget-image\" data-id=\"46c78ab\" data-element_type=\"widget\" data-widget_type=\"image.default\">\n\t\t\t\t<div class=\"elementor-widget-container\">\n\t\t\t\t\t\t\t\t\t\t\t\t\t\t\t<img fetchpriority=\"high\" decoding=\"async\" width=\"267\" height=\"200\" src=\"https:\/\/triatlonsanse.com\/triatlonsanse\/wp-content\/uploads\/Logo-La-Emilita.png\" class=\"attachment-large size-large wp-image-5943\" alt=\"\" srcset=\"https:\/\/triatlonsanse.com\/triatlonsanse\/wp-content\/uploads\/Logo-La-Emilita.png 267w, https:\/\/triatlonsanse.com\/triatlonsanse\/wp-content\/uploads\/Logo-La-Emilita-200x150.png 200w\" sizes=\"(max-width: 267px) 100vw, 267px\" \/>\t\t\t\t\t\t\t\t\t\t\t\t\t\t\t<\/div>\n\t\t\t\t<\/div>\n\t\t\t\t\t<\/div>\n\t\t<\/div>\n\t\t\t\t<div class=\"elementor-column elementor-col-50 elementor-top-column elementor-element elementor-element-46d2706\" data-id=\"46d2706\" data-element_type=\"column\">\n\t\t\t<div class=\"elementor-widget-wrap elementor-element-populated\">\n\t\t\t\t\t\t<div class=\"elementor-element elementor-element-6d884cd elementor-widget elementor-widget-text-editor\" data-id=\"6d884cd\" data-element_type=\"widget\" data-widget_type=\"text-editor.default\">\n\t\t\t\t<div class=\"elementor-widget-container\">\n\t\t\t\t\t\t\t\t\t<p><b>P\u00e1gina WEB: <\/b><a href=\"https:\/\/laemilita.es\" target=\"_blank\" rel=\"noopener\">https:\/\/laemilita.es<\/a><\/p><p><b>Twitter:<\/b> &#8211;<\/p><p><b>Facebook: <\/b><a href=\"https:\/\/www.facebook.com\/La-Emilita-Original-107796131803052\" target=\"_blank\" rel=\"noopener\">https:\/\/www.facebook.com\/La-Emilita-Original-107796131803052<\/a><\/p><p><b>Instagram: <\/b><a href=\"https:\/\/www.instagram.com\/laemilita.original\" target=\"_blank\" rel=\"noopener\">https:\/\/www.instagram.com\/laemilita.original<\/a><\/p><p><b>Tel\u00e9fono:<\/b> 910321816<\/p><p><b>Localizaci\u00f3n: <\/b>Calle de Jos\u00e9 del Hierro 19. 28702, San Sebasti\u00e1n de los Reyes.<\/p>\t\t\t\t\t\t\t\t<\/div>\n\t\t\t\t<\/div>\n\t\t\t\t\t<\/div>\n\t\t<\/div>\n\t\t\t\t\t<\/div>\n\t\t<\/section>\n\t\t\t\t<section class=\"elementor-section elementor-top-section elementor-element elementor-element-b3d4bbb elementor-section-boxed elementor-section-height-default elementor-section-height-default\" data-id=\"b3d4bbb\" data-element_type=\"section\">\n\t\t\t\t\t\t<div class=\"elementor-container elementor-column-gap-default\">\n\t\t\t\t\t<div class=\"elementor-column elementor-col-100 elementor-top-column elementor-element elementor-element-5376e3c\" data-id=\"5376e3c\" data-element_type=\"column\">\n\t\t\t<div class=\"elementor-widget-wrap elementor-element-populated\">\n\t\t\t\t\t\t<div class=\"elementor-element elementor-element-ce837a5 elementor-widget elementor-widget-spacer\" data-id=\"ce837a5\" data-element_type=\"widget\" data-widget_type=\"spacer.default\">\n\t\t\t\t<div class=\"elementor-widget-container\">\n\t\t\t\t\t\t\t<div class=\"elementor-spacer\">\n\t\t\t<div class=\"elementor-spacer-inner\"><\/div>\n\t\t<\/div>\n\t\t\t\t\t\t<\/div>\n\t\t\t\t<\/div>\n\t\t\t\t\t<\/div>\n\t\t<\/div>\n\t\t\t\t\t<\/div>\n\t\t<\/section>\n\t\t\t\t<section class=\"elementor-section elementor-top-section elementor-element elementor-element-0cc7f83 elementor-section-boxed elementor-section-height-default elementor-section-height-default\" data-id=\"0cc7f83\" data-element_type=\"section\">\n\t\t\t\t\t\t<div class=\"elementor-container elementor-column-gap-default\">\n\t\t\t\t\t<div class=\"elementor-column elementor-col-50 elementor-top-column elementor-element elementor-element-ef4b387\" data-id=\"ef4b387\" data-element_type=\"column\">\n\t\t\t<div class=\"elementor-widget-wrap elementor-element-populated\">\n\t\t\t\t\t\t<div class=\"elementor-element elementor-element-e1c75a0 elementor-widget elementor-widget-heading\" data-id=\"e1c75a0\" data-element_type=\"widget\" data-widget_type=\"heading.default\">\n\t\t\t\t<div class=\"elementor-widget-container\">\n\t\t\t\t\t<h2 class=\"elementor-heading-title elementor-size-default\">Descripci\u00f3n<\/h2>\t\t\t\t<\/div>\n\t\t\t\t<\/div>\n\t\t\t\t<div class=\"elementor-element elementor-element-189e1e2 elementor-widget elementor-widget-text-editor\" data-id=\"189e1e2\" data-element_type=\"widget\" data-widget_type=\"text-editor.default\">\n\t\t\t\t<div class=\"elementor-widget-container\">\n\t\t\t\t\t\t\t\t\t<p>Tras m\u00e1s de 70 a\u00f1os de tradici\u00f3n traemos nuestro nuevo espacio gourmet a San Sebasti\u00e1n de los Reyes, un nuevo concepto gastron\u00f3mico que a\u00fana la pasteler\u00eda artesana con una visi\u00f3n innovadora.<\/p><p>Aqu\u00ed puedes comprar pan de masa madre, pedir desayuno a domicilio, disfrutar de los mejores pasteles de San Sebasti\u00e1n de los Reyes,\u00a0 degustar un delicioso brunch o tomar un c\u00f3ctel despu\u00e9s de cenar en nuestra terraza.<\/p>\t\t\t\t\t\t\t\t<\/div>\n\t\t\t\t<\/div>\n\t\t\t\t\t<\/div>\n\t\t<\/div>\n\t\t\t\t<div class=\"elementor-column elementor-col-50 elementor-top-column elementor-element elementor-element-5141cb5\" data-id=\"5141cb5\" data-element_type=\"column\">\n\t\t\t<div class=\"elementor-widget-wrap elementor-element-populated\">\n\t\t\t\t\t\t<div class=\"elementor-element elementor-element-b62e61f elementor-widget elementor-widget-google_maps\" data-id=\"b62e61f\" data-element_type=\"widget\" data-widget_type=\"google_maps.default\">\n\t\t\t\t<div class=\"elementor-widget-container\">\n\t\t\t\t\t\t\t<div class=\"elementor-custom-embed\">\n\t\t\t<iframe loading=\"lazy\"\n\t\t\t\t\tsrc=\"https:\/\/maps.google.com\/maps?q=la%20emilita&#038;t=m&#038;z=10&#038;output=embed&#038;iwloc=near\"\n\t\t\t\t\ttitle=\"la emilita\"\n\t\t\t\t\taria-label=\"la emilita\"\n\t\t\t><\/iframe>\n\t\t<\/div>\n\t\t\t\t\t\t<\/div>\n\t\t\t\t<\/div>\n\t\t\t\t\t<\/div>\n\t\t<\/div>\n\t\t\t\t\t<\/div>\n\t\t<\/section>\n\t\t\t\t<section class=\"elementor-section elementor-top-section elementor-element elementor-element-1404cd4 elementor-section-boxed elementor-section-height-default elementor-section-height-default\" data-id=\"1404cd4\" data-element_type=\"section\">\n\t\t\t\t\t\t<div class=\"elementor-container elementor-column-gap-default\">\n\t\t\t\t\t<div class=\"elementor-column elementor-col-100 elementor-top-column elementor-element elementor-element-7091d0c\" data-id=\"7091d0c\" data-element_type=\"column\">\n\t\t\t<div class=\"elementor-widget-wrap elementor-element-populated\">\n\t\t\t\t\t\t<div class=\"elementor-element elementor-element-eef1831 elementor-widget elementor-widget-spacer\" data-id=\"eef1831\" data-element_type=\"widget\" data-widget_type=\"spacer.default\">\n\t\t\t\t<div class=\"elementor-widget-container\">\n\t\t\t\t\t\t\t<div class=\"elementor-spacer\">\n\t\t\t<div class=\"elementor-spacer-inner\"><\/div>\n\t\t<\/div>\n\t\t\t\t\t\t<\/div>\n\t\t\t\t<\/div>\n\t\t\t\t\t<\/div>\n\t\t<\/div>\n\t\t\t\t\t<\/div>\n\t\t<\/section>\n\t\t\t\t<\/div>\n\t\t","protected":false},"excerpt":{"rendered":"<p>La Emilita P\u00e1gina WEB: https:\/\/laemilita.es Twitter: &#8211; Facebook: https:\/\/www.facebook.com\/La-Emilita-Original-107796131803052 Instagram: https:\/\/www.instagram.com\/laemilita.original Tel\u00e9fono: 910321816 Localizaci\u00f3n: Calle de Jos\u00e9 del Hierro 19. 28702, San Sebasti\u00e1n de los Reyes. Descripci\u00f3n Tras m\u00e1s de 70 a\u00f1os de tradici\u00f3n traemos nuestro nuevo espacio gourmet a San Sebasti\u00e1n de los Reyes, un nuevo concepto gastron\u00f3mico que a\u00fana la pasteler\u00eda artesana con [&hellip;]<\/p>\n","protected":false},"author":1,"featured_media":0,"parent":4678,"menu_order":1,"comment_status":"closed","ping_status":"closed","template":"","meta":{"_acf_changed":false,"footnotes":""},"class_list":["post-5922","page","type-page","status-publish","hentry"],"acf":[],"_links":{"self":[{"href":"https:\/\/triatlonsanse.com\/triatlonsanse\/wp-json\/wp\/v2\/pages\/5922","targetHints":{"allow":["GET"]}}],"collection":[{"href":"https:\/\/triatlonsanse.com\/triatlonsanse\/wp-json\/wp\/v2\/pages"}],"about":[{"href":"https:\/\/triatlonsanse.com\/triatlonsanse\/wp-json\/wp\/v2\/types\/page"}],"author":[{"embeddable":true,"href":"https:\/\/triatlonsanse.com\/triatlonsanse\/wp-json\/wp\/v2\/users\/1"}],"replies":[{"embeddable":true,"href":"https:\/\/triatlonsanse.com\/triatlonsanse\/wp-json\/wp\/v2\/comments?post=5922"}],"version-history":[{"count":35,"href":"https:\/\/triatlonsanse.com\/triatlonsanse\/wp-json\/wp\/v2\/pages\/5922\/revisions"}],"predecessor-version":[{"id":6956,"href":"https:\/\/triatlonsanse.com\/triatlonsanse\/wp-json\/wp\/v2\/pages\/5922\/revisions\/6956"}],"up":[{"embeddable":true,"href":"https:\/\/triatlonsanse.com\/triatlonsanse\/wp-json\/wp\/v2\/pages\/4678"}],"wp:attachment":[{"href":"https:\/\/triatlonsanse.com\/triatlonsanse\/wp-json\/wp\/v2\/media?parent=5922"}],"curies":[{"name":"wp","href":"https:\/\/api.w.org\/{rel}","templated":true}]}}