{"id":4876,"date":"2022-09-04T22:45:03","date_gmt":"2022-09-04T21:45:03","guid":{"rendered":"https:\/\/triatlonsanse.com\/triatlonsanse\/?page_id=4876"},"modified":"2024-05-24T12:33:30","modified_gmt":"2024-05-24T11:33:30","slug":"contacto","status":"publish","type":"page","link":"https:\/\/triatlonsanse.com\/triatlonsanse\/inicio\/contacto\/","title":{"rendered":"Contacto"},"content":{"rendered":"\t\t<div data-elementor-type=\"wp-page\" data-elementor-id=\"4876\" class=\"elementor elementor-4876\" data-elementor-post-type=\"page\">\n\t\t\t\t\t\t<section class=\"elementor-section elementor-top-section elementor-element elementor-element-7a0b75b elementor-section-boxed elementor-section-height-default elementor-section-height-default\" data-id=\"7a0b75b\" data-element_type=\"section\" data-settings=\"{&quot;background_background&quot;:&quot;classic&quot;}\">\n\t\t\t\t\t\t\t<div class=\"elementor-background-overlay\"><\/div>\n\t\t\t\t\t\t\t<div class=\"elementor-container elementor-column-gap-no\">\n\t\t\t\t\t<div class=\"elementor-column elementor-col-100 elementor-top-column elementor-element elementor-element-10143be\" data-id=\"10143be\" data-element_type=\"column\">\n\t\t\t<div class=\"elementor-widget-wrap elementor-element-populated\">\n\t\t\t\t\t\t<div class=\"elementor-element elementor-element-ffb0212 elementor-widget elementor-widget-jkit_heading\" data-id=\"ffb0212\" data-element_type=\"widget\" data-widget_type=\"jkit_heading.default\">\n\t\t\t\t<div class=\"elementor-widget-container\">\n\t\t\t\t\t<div  class=\"jeg-elementor-kit jkit-heading  align-center align-tablet-center align-mobile-center jeg_module___69ee33082b79f\" ><div class=\"heading-section-title  display-inline-block\"><h2 class=\"heading-title\">Contacta con nosotros<\/h2><\/div><div class=\"heading-section-separator\"><div class=\"separator-wrapper style-solid\"><\/div><\/div><\/div>\t\t\t\t<\/div>\n\t\t\t\t<\/div>\n\t\t\t\t\t<\/div>\n\t\t<\/div>\n\t\t\t\t\t<\/div>\n\t\t<\/section>\n\t\t\t\t<section class=\"elementor-section elementor-top-section elementor-element elementor-element-c8c1e39 elementor-section-boxed elementor-section-height-default elementor-section-height-default\" data-id=\"c8c1e39\" data-element_type=\"section\">\n\t\t\t\t\t\t\t<div class=\"elementor-background-overlay\"><\/div>\n\t\t\t\t\t\t\t<div class=\"elementor-container elementor-column-gap-no\">\n\t\t\t\t\t<div class=\"elementor-column elementor-col-50 elementor-top-column elementor-element elementor-element-edd2dfb\" data-id=\"edd2dfb\" data-element_type=\"column\" data-settings=\"{&quot;background_background&quot;:&quot;classic&quot;}\">\n\t\t\t<div class=\"elementor-widget-wrap elementor-element-populated\">\n\t\t\t\t\t<div class=\"elementor-background-overlay\"><\/div>\n\t\t\t\t\t\t<div class=\"elementor-element elementor-element-c7c2b5c elementor-widget elementor-widget-jkit_heading\" data-id=\"c7c2b5c\" data-element_type=\"widget\" data-widget_type=\"jkit_heading.default\">\n\t\t\t\t<div class=\"elementor-widget-container\">\n\t\t\t\t\t<div  class=\"jeg-elementor-kit jkit-heading  align- align-tablet- align-mobile- jeg_module__1_69ee33083ce6b\" ><h3 class=\"heading-section-subtitle  style-color\">Club Triatl\u00f3n San Sebasti\u00f3na de los Reyes<\/h3><div class=\"heading-section-title  display-inline-block\"><h2 class=\"heading-title\">Contacto<\/h2><\/div><div class=\"heading-section-separator\"><div class=\"separator-wrapper style-solid\"><\/div><\/div><\/div>\t\t\t\t<\/div>\n\t\t\t\t<\/div>\n\t\t\t\t\t<\/div>\n\t\t<\/div>\n\t\t\t\t<div class=\"elementor-column elementor-col-50 elementor-top-column elementor-element elementor-element-9943056\" data-id=\"9943056\" data-element_type=\"column\">\n\t\t\t<div class=\"elementor-widget-wrap elementor-element-populated\">\n\t\t\t\t\t\t<div class=\"elementor-element elementor-element-e4ba6f7 elementor-widget elementor-widget-spacer\" data-id=\"e4ba6f7\" data-element_type=\"widget\" data-widget_type=\"spacer.default\">\n\t\t\t\t<div class=\"elementor-widget-container\">\n\t\t\t\t\t\t\t<div class=\"elementor-spacer\">\n\t\t\t<div class=\"elementor-spacer-inner\"><\/div>\n\t\t<\/div>\n\t\t\t\t\t\t<\/div>\n\t\t\t\t<\/div>\n\t\t\t\t<div class=\"elementor-element elementor-element-475ca67 elementor-widget elementor-widget-text-editor\" data-id=\"475ca67\" data-element_type=\"widget\" data-widget_type=\"text-editor.default\">\n\t\t\t\t<div class=\"elementor-widget-container\">\n\t\t\t\t\t\t\t\t\t<p>Si eres un deportista adulto y quieres informaci\u00f3n sobre nuestras tarifas, o directamente inscribirte en el Club, puedes hacerlo en <span style=\"text-decoration: underline;\"><a href=\"https:\/\/triatlonsanse.com\/triatlonsanse\/inicio\/inscripcion-adultos\/\">este enlace<\/a><\/span>.<\/p><p>Si por el contrario, tienes entre 6 y 15 a\u00f1os, y quieres informaci\u00f3n o apuntarte a nuestra escuela de triatl\u00f3n, accede a <span style=\"text-decoration: underline;\"><a href=\"https:\/\/triatlonsanse.com\/triatlonsanse\/el-club\/escuela-de-triatlon\/\">este enlace<\/a><\/span>.<\/p><div id=\"caldera_form_1\" class=\"caldera-grid\" data-cf-ver=\"1.8.8\" data-cf-form-id=\"CF5dff94bf76bc3\"><form id=\"CF5dff94bf76bc3_1\" class=\"CF5dff94bf76bc3 caldera_forms_form cfajax-trigger _tisBound\" enctype=\"multipart\/form-data\" method=\"POST\" data-instance=\"1\" data-form-id=\"CF5dff94bf76bc3\" aria-label=\"Formulario de contacto\" data-target=\"#caldera_notices_1\" data-template=\"#cfajax_CF5dff94bf76bc3-tmpl\" data-cfajax=\"CF5dff94bf76bc3\" data-load-element=\"_parent\" data-load-class=\"cf_processing\" data-post-disable=\"0\" data-action=\"cf_process_ajax_submit\" data-request=\"https:\/\/triatlonsanse.com\/triatlonsanse\/cf-api\/CF5dff94bf76bc3\" data-hiderows=\"true\"><div id=\"CF5dff94bf76bc3_1-row-1\" class=\"row first_row\"><div class=\"col-sm-12 single\"><div class=\"\">\u00a0<\/div><\/div><\/div><\/form><\/div>\t\t\t\t\t\t\t\t<\/div>\n\t\t\t\t<\/div>\n\t\t\t\t<div class=\"elementor-element elementor-element-cdb3005 eael-caldera-form-labels-yes eael-caldera-form-button-custom elementor-widget elementor-widget-eael-caldera-form\" data-id=\"cdb3005\" data-element_type=\"widget\" data-widget_type=\"eael-caldera-form.default\">\n\t\t\t\t<div class=\"elementor-widget-container\">\n\t\t\t\t\t            <div class=\"eael-contact-form eael-caldera-form eael-contact-form-align-default\">\n                                <div class=\"caldera-grid\" id=\"caldera_form_1\" data-cf-ver=\"1.8.8\" data-cf-form-id=\"CF5dff94bf76bc3\"><div id=\"caldera_notices_1\" data-spinner=\"https:\/\/triatlonsanse.com\/triatlonsanse\/wp-admin\/images\/spinner.gif\"><\/div><form data-instance=\"1\" class=\"CF5dff94bf76bc3 caldera_forms_form cfajax-trigger\" method=\"POST\" enctype=\"multipart\/form-data\" id=\"CF5dff94bf76bc3_1\" data-form-id=\"CF5dff94bf76bc3\" aria-label=\"Formulario de contacto\" data-target=\"#caldera_notices_1\" data-template=\"#cfajax_CF5dff94bf76bc3-tmpl\" data-cfajax=\"CF5dff94bf76bc3\" data-load-element=\"_parent\" data-load-class=\"cf_processing\" data-post-disable=\"0\" data-action=\"cf_process_ajax_submit\" data-request=\"https:\/\/triatlonsanse.com\/triatlonsanse\/cf-api\/CF5dff94bf76bc3\" data-hiderows=\"true\">\r\n<input type=\"hidden\" id=\"_cf_verify_CF5dff94bf76bc3\" name=\"_cf_verify\" value=\"3f6c6870c1\"  data-nonce-time=\"1777218312\" \/><input type=\"hidden\" name=\"_wp_http_referer\" value=\"\/triatlonsanse\/wp-json\/wp\/v2\/pages\/4876\" \/><div id=\"cf2-CF5dff94bf76bc3_1\"><\/div><input type=\"hidden\" name=\"_cf_frm_id\" value=\"CF5dff94bf76bc3\">\r\n<input type=\"hidden\" name=\"_cf_frm_ct\" value=\"1\">\r\n<input type=\"hidden\" name=\"cfajax\" value=\"CF5dff94bf76bc3\">\r\n<input type=\"hidden\" name=\"_cf_cr_pst\" value=\"4876\">\r\n<div class=\"hide\" style=\"display:none; overflow:hidden;height:0;width:0;\">\r\n<label>Phone<\/label><input type=\"text\" name=\"phone\" value=\"\" autocomplete=\"off\">\r\n<\/div><div id=\"CF5dff94bf76bc3_1-row-1\"  class=\"row  first_row\"><div  class=\"col-sm-12  single\"><div class=\"\"><p>Si tienes alguna duda, sugerencia o consulta, no olvides remit\u00edrnosla rellenando el siguiente formulario, que contestaremos lo antes posible.<\/p>\n<\/div><\/div><\/div><div id=\"CF5dff94bf76bc3_1-row-2\"  class=\"row \"><div  class=\"col-sm-12  single\"><div data-field-wrapper=\"fld_9087102\" class=\"form-group\" id=\"fld_9087102_1-wrap\">\r\n\t<label id=\"fld_9087102Label\" for=\"fld_9087102_1\" class=\"control-label\">Nombre: <span aria-hidden=\"true\" role=\"presentation\" class=\"field_required\" style=\"color:#ee0000;\">*<\/span><\/label>\r\n\t<div class=\"\">\r\n\t\t<input placeholder=\"Ind\u00edcanos tu nombre\"  required type=\"text\" data-field=\"fld_9087102\" class=\" form-control\" id=\"fld_9087102_1\" name=\"fld_9087102\" value=\"\" data-type=\"text\" aria-required=\"true\"   aria-labelledby=\"fld_9087102Label\" >\t\t\t<\/div>\r\n<\/div>\r\n<\/div><\/div><div id=\"CF5dff94bf76bc3_1-row-3\"  class=\"row \"><div  class=\"col-sm-7  first_col\"><div data-field-wrapper=\"fld_1979375\" class=\"form-group\" id=\"fld_1979375_1-wrap\">\r\n\t<label id=\"fld_1979375Label\" for=\"fld_1979375_1\" class=\"control-label\">Correo electr\u00f3nico: <span aria-hidden=\"true\" role=\"presentation\" class=\"field_required\" style=\"color:#ee0000;\">*<\/span><\/label>\r\n\t<div class=\"\">\r\n\t\t<input placeholder=\"Ind\u00edcanos el correo electr\u00f3nico al que responderemos\"  required type=\"text\" data-field=\"fld_1979375\" class=\" form-control\" id=\"fld_1979375_1\" name=\"fld_1979375\" value=\"\" data-type=\"text\" aria-required=\"true\"   aria-labelledby=\"fld_1979375Label\" >\t\t\t<\/div>\r\n<\/div>\r\n<\/div><div  class=\"col-sm-5  last_col\"><div data-field-wrapper=\"fld_971836\" class=\"form-group\" id=\"fld_971836_1-wrap\">\r\n\t<label id=\"fld_971836Label\" for=\"fld_971836_1\" class=\"control-label\">N\u00ba Tel\u00e9fono <span aria-hidden=\"true\" role=\"presentation\" class=\"field_required\" style=\"color:#ee0000;\">*<\/span><\/label>\r\n\t<div class=\"\">\r\n\t\t<input placeholder=\"Para contactarte\"  required type=\"tel\" data-field=\"fld_971836\" class=\" form-control\" id=\"fld_971836_1\" name=\"fld_971836\" value=\"\" data-type=\"phone_better\" aria-required=\"true\"   aria-labelledby=\"fld_971836Label\" >\t\t\t<\/div>\r\n<\/div>\r\n<\/div><\/div><div id=\"CF5dff94bf76bc3_1-row-4\"  class=\"row \"><div  class=\"col-sm-12  single\"><div data-field-wrapper=\"fld_1428710\" class=\"form-group\" id=\"fld_1428710_1-wrap\">\r\n\t<label id=\"fld_1428710Label\" for=\"fld_1428710_1\" class=\"control-label\">Asunto: <span aria-hidden=\"true\" role=\"presentation\" class=\"field_required\" style=\"color:#ee0000;\">*<\/span><\/label>\r\n\t<div class=\"\">\r\n\t\t<input placeholder=\"Ind\u00edcanos brevemente el asunto del contacto\"  required type=\"text\" data-field=\"fld_1428710\" class=\" form-control\" id=\"fld_1428710_1\" name=\"fld_1428710\" value=\"\" data-type=\"text\" aria-required=\"true\"   aria-labelledby=\"fld_1428710Label\" >\t\t\t<\/div>\r\n<\/div>\r\n<div data-field-wrapper=\"fld_2314691\" class=\"form-group\" id=\"fld_2314691_1-wrap\">\r\n\t<label id=\"fld_2314691Label\" for=\"fld_2314691_1\" class=\"control-label\">Mensaje: <span aria-hidden=\"true\" role=\"presentation\" class=\"field_required\" style=\"color:#ee0000;\">*<\/span><\/label>\r\n\t<div class=\"\">\r\n\t\t<textarea name=\"fld_2314691\" value=\"\" data-field=\"fld_2314691\" class=\"form-control\" id=\"fld_2314691_1\" rows=\"4\" placeholder=\"Ind\u00edcanos el mensaje que quieres hacernos llegar\"  required=\"required\"  aria-labelledby=\"fld_2314691Label\" ><\/textarea>\r\n\t\t\t<\/div>\r\n<\/div>\r\n<div class=\"\"><\/div><\/div><\/div><div id=\"CF5dff94bf76bc3_1-row-5\"  class=\"row  last_row\"><div  class=\"col-sm-12  single\"><div data-field-wrapper=\"fld_9671126\" class=\"form-group text-center\" id=\"fld_9671126_1-wrap\">\r\n<div class=\"\">\r\n\t<input  class=\"btn btn-default\" type=\"submit\" name=\"fld_9671126\" id=\"fld_9671126_1\" value=\"Enviar\" data-field=\"fld_9671126\"  >\r\n<\/div>\r\n<\/div>\r\n\t<input class=\"button_trigger_1\" type=\"hidden\" name=\"fld_9671126\" id=\"fld_9671126_1_btn\" value=\"\" data-field=\"fld_9671126\"  \/>\r\n<\/div><\/div><\/form>\r\n<\/div>\r\n            <\/div>\n            \t\t\t\t<\/div>\n\t\t\t\t<\/div>\n\t\t\t\t\t<\/div>\n\t\t<\/div>\n\t\t\t\t\t<\/div>\n\t\t<\/section>\n\t\t\t\t<section class=\"elementor-section elementor-top-section elementor-element elementor-element-dc4eb2d elementor-section-boxed elementor-section-height-default elementor-section-height-default\" data-id=\"dc4eb2d\" data-element_type=\"section\">\n\t\t\t\t\t\t<div class=\"elementor-container elementor-column-gap-default\">\n\t\t\t\t\t<div class=\"elementor-column elementor-col-100 elementor-top-column elementor-element elementor-element-27a9ce3\" data-id=\"27a9ce3\" data-element_type=\"column\">\n\t\t\t<div class=\"elementor-widget-wrap elementor-element-populated\">\n\t\t\t\t\t\t<div class=\"elementor-element elementor-element-5046d75 elementor-widget elementor-widget-text-editor\" data-id=\"5046d75\" data-element_type=\"widget\" data-widget_type=\"text-editor.default\">\n\t\t\t\t<div class=\"elementor-widget-container\">\n\t\t\t\t\t\t\t\t\t<p>El <strong>Polideportivo Dehesa Boyal<\/strong> se encuentra en la Av. Navarrondan s\/n. 28702, San Sebasti\u00e1n de los Reyes.<\/p>\t\t\t\t\t\t\t\t<\/div>\n\t\t\t\t<\/div>\n\t\t\t\t<div class=\"elementor-element elementor-element-203ed6a elementor-widget elementor-widget-google_maps\" data-id=\"203ed6a\" data-element_type=\"widget\" data-widget_type=\"google_maps.default\">\n\t\t\t\t<div class=\"elementor-widget-container\">\n\t\t\t\t\t\t\t<div class=\"elementor-custom-embed\">\n\t\t\t<iframe loading=\"lazy\"\n\t\t\t\t\tsrc=\"https:\/\/maps.google.com\/maps?q=Polideportivo%20Municipal%20Dehesa%20Boyal&#038;t=m&#038;z=17&#038;output=embed&#038;iwloc=near\"\n\t\t\t\t\ttitle=\"Polideportivo Municipal Dehesa Boyal\"\n\t\t\t\t\taria-label=\"Polideportivo Municipal Dehesa Boyal\"\n\t\t\t><\/iframe>\n\t\t<\/div>\n\t\t\t\t\t\t<\/div>\n\t\t\t\t<\/div>\n\t\t\t\t\t<\/div>\n\t\t<\/div>\n\t\t\t\t\t<\/div>\n\t\t<\/section>\n\t\t\t\t<section class=\"elementor-section elementor-top-section elementor-element elementor-element-964947c elementor-section-boxed elementor-section-height-default elementor-section-height-default\" data-id=\"964947c\" data-element_type=\"section\">\n\t\t\t\t\t\t<div class=\"elementor-container elementor-column-gap-default\">\n\t\t\t\t\t<div class=\"elementor-column elementor-col-100 elementor-top-column elementor-element elementor-element-f6b0666\" data-id=\"f6b0666\" data-element_type=\"column\">\n\t\t\t<div class=\"elementor-widget-wrap elementor-element-populated\">\n\t\t\t\t\t\t<div class=\"elementor-element elementor-element-96910de elementor-widget elementor-widget-spacer\" data-id=\"96910de\" data-element_type=\"widget\" data-widget_type=\"spacer.default\">\n\t\t\t\t<div class=\"elementor-widget-container\">\n\t\t\t\t\t\t\t<div class=\"elementor-spacer\">\n\t\t\t<div class=\"elementor-spacer-inner\"><\/div>\n\t\t<\/div>\n\t\t\t\t\t\t<\/div>\n\t\t\t\t<\/div>\n\t\t\t\t\t<\/div>\n\t\t<\/div>\n\t\t\t\t\t<\/div>\n\t\t<\/section>\n\t\t\t\t<\/div>\n\t\t","protected":false},"excerpt":{"rendered":"<p>Contacta con nosotros Club Triatl\u00f3n San Sebasti\u00f3na de los Reyes Contacto Si eres un deportista adulto y quieres informaci\u00f3n sobre nuestras tarifas, o directamente inscribirte en el Club, puedes hacerlo en este enlace. Si por el contrario, tienes entre 6 y 15 a\u00f1os, y quieres informaci\u00f3n o apuntarte a nuestra escuela de triatl\u00f3n, accede a [&hellip;]<\/p>\n","protected":false},"author":1,"featured_media":6885,"parent":4572,"menu_order":99,"comment_status":"closed","ping_status":"closed","template":"","meta":{"_acf_changed":false,"footnotes":""},"class_list":["post-4876","page","type-page","status-publish","has-post-thumbnail","hentry"],"acf":[],"_links":{"self":[{"href":"https:\/\/triatlonsanse.com\/triatlonsanse\/wp-json\/wp\/v2\/pages\/4876","targetHints":{"allow":["GET"]}}],"collection":[{"href":"https:\/\/triatlonsanse.com\/triatlonsanse\/wp-json\/wp\/v2\/pages"}],"about":[{"href":"https:\/\/triatlonsanse.com\/triatlonsanse\/wp-json\/wp\/v2\/types\/page"}],"author":[{"embeddable":true,"href":"https:\/\/triatlonsanse.com\/triatlonsanse\/wp-json\/wp\/v2\/users\/1"}],"replies":[{"embeddable":true,"href":"https:\/\/triatlonsanse.com\/triatlonsanse\/wp-json\/wp\/v2\/comments?post=4876"}],"version-history":[{"count":28,"href":"https:\/\/triatlonsanse.com\/triatlonsanse\/wp-json\/wp\/v2\/pages\/4876\/revisions"}],"predecessor-version":[{"id":7564,"href":"https:\/\/triatlonsanse.com\/triatlonsanse\/wp-json\/wp\/v2\/pages\/4876\/revisions\/7564"}],"up":[{"embeddable":true,"href":"https:\/\/triatlonsanse.com\/triatlonsanse\/wp-json\/wp\/v2\/pages\/4572"}],"wp:featuredmedia":[{"embeddable":true,"href":"https:\/\/triatlonsanse.com\/triatlonsanse\/wp-json\/wp\/v2\/media\/6885"}],"wp:attachment":[{"href":"https:\/\/triatlonsanse.com\/triatlonsanse\/wp-json\/wp\/v2\/media?parent=4876"}],"curies":[{"name":"wp","href":"https:\/\/api.w.org\/{rel}","templated":true}]}}