{"id":3443,"date":"2022-06-22T19:24:21","date_gmt":"2022-06-22T18:24:21","guid":{"rendered":"https:\/\/triatlonsanse.com\/triatlonsanse\/?page_id=3443"},"modified":"2022-09-03T22:36:14","modified_gmt":"2022-09-03T21:36:14","slug":"aviso-legal","status":"publish","type":"page","link":"https:\/\/triatlonsanse.com\/triatlonsanse\/aviso-legal\/","title":{"rendered":"aviso-legal"},"content":{"rendered":"\t\t<div data-elementor-type=\"wp-page\" data-elementor-id=\"3443\" class=\"elementor elementor-3443\" data-elementor-post-type=\"page\">\n\t\t\t\t\t\t<section class=\"elementor-section elementor-top-section elementor-element elementor-element-ab6d3c0 elementor-section-boxed elementor-section-height-default elementor-section-height-default\" data-id=\"ab6d3c0\" data-element_type=\"section\">\n\t\t\t\t\t\t<div class=\"elementor-container elementor-column-gap-default\">\n\t\t\t\t\t<div class=\"elementor-column elementor-col-100 elementor-top-column elementor-element elementor-element-4342e56\" data-id=\"4342e56\" data-element_type=\"column\">\n\t\t\t<div class=\"elementor-widget-wrap elementor-element-populated\">\n\t\t\t\t\t\t<div class=\"elementor-element elementor-element-1a7338d elementor-widget elementor-widget-heading\" data-id=\"1a7338d\" data-element_type=\"widget\" data-widget_type=\"heading.default\">\n\t\t\t\t<div class=\"elementor-widget-container\">\n\t\t\t\t\t<h2 class=\"elementor-heading-title elementor-size-default\">Aviso Legal<\/h2>\t\t\t\t<\/div>\n\t\t\t\t<\/div>\n\t\t\t\t<div class=\"elementor-element elementor-element-db87d61 elementor-widget elementor-widget-text-editor\" data-id=\"db87d61\" data-element_type=\"widget\" data-widget_type=\"text-editor.default\">\n\t\t\t\t<div class=\"elementor-widget-container\">\n\t\t\t\t\t\t\t\t\t<p>Este Aviso legal (en adelante, \u00ab<strong>el Aviso legal\u00bb<\/strong>), junto con la Pol\u00edtica de privacidad y cookies, rigen el acceso y la utilizaci\u00f3n del sitio web accesible a trav\u00e9s del nombre de dominio <a href=\"https:\/\/triatlonsanse.com\">https:\/\/triatlonsanse.com<\/a>\u00a0y sus subdominios (en adelante, \u00ab<strong>el Sitio Web\u00bb<\/strong>), as\u00ed como la contrataci\u00f3n de productos y\/o servicios a trav\u00e9s del mismo.<\/p><p>El simple acceso al Sitio Web atribuye a quien lo realiza la condici\u00f3n de Usuario del Sitio Web (en adelante, \u201c<strong>el Usuario<\/strong>\u201d) e implica la aceptaci\u00f3n \u00edntegra de este Aviso legal. En caso de no estar de acuerdo con este Aviso legal, el Usuario debe abandonar inmediatamente el Sitio Web sin utilizarlo.<\/p><p>Por medio de la aceptaci\u00f3n de este Aviso legal, el Usuario manifiesta:<\/p><ul><li>Que ha le\u00eddo, entiende y comprende lo aqu\u00ed expuesto<\/li><li>Que, en caso de que se disponga a contratar alg\u00fan producto y\/o servicio, tiene la capacidad suficiente para ello.<\/li><li>Que asume todas las obligaciones aqu\u00ed dispuestas.<\/li><\/ul><h2>1. Informaci\u00f3n general del Sitio Web<\/h2><p>A continuaci\u00f3n, se ofrece la informaci\u00f3n general del Sitio Web:<\/p><ul><li><strong>Titular:<\/strong><\/li><li><strong>Domicilio social:\u00a0<\/strong><\/li><li><strong>N.I.F.:<\/strong><\/li><li><strong>E-mail:<\/strong><\/li><li><strong>Tel\u00e9fono:<\/strong><\/li><li><strong>Datos registrales:<\/strong><\/li><\/ul><h2>2. Acceso al Sitio Web<\/h2><p>El siempre acceso al Sitio Web salvo en lo relativo al coste de la conexi\u00f3n a trav\u00e9s de la red de telecomunicaciones suministrada por el proveedor de acceso contratado por el Usuario.<\/p><h2>3. Normas de utilizaci\u00f3n del Sitio Web<\/h2><p>El Usuario se obliga a utilizar el Sitio Web y todo su contenido y servicios conforme a lo establecido en la ley, la moral, el orden p\u00fablico y en este Aviso legal. Asimismo, se obliga a hacer un uso adecuado de los servicios y\/o contenidos del Sitio Web y a no emplearlos para realizar actividades il\u00edcitas o constitutivas de delito, que atenten contra los derechos de terceros o que infrinjan cualquier norma del ordenamiento jur\u00eddico aplicable.<\/p><p>El Usuario se obliga a no transmitir, introducir, difundir y\/o poner a disposici\u00f3n de terceros cualquier tipo de material e informaci\u00f3n (datos, contenidos, mensajes, dibujos, archivos de sonido e imagen, fotograf\u00edas, software, etc.) que sean contrarios a la ley, la moral, el orden p\u00fablico y este Aviso legal. A t\u00edtulo enunciativo, y en ning\u00fan caso limitativo o excluyente, el Usuario se compromete a:<\/p><ol><li>No introducir o difundir contenidos o propaganda de car\u00e1cter racista, xen\u00f3fobo, pornogr\u00e1fico, de apolog\u00eda del terrorismo o que atenten contra los derechos humanos.<\/li><li>No introducir o difundir en la red programas de datos (virus y software nocivo) susceptibles de provocar da\u00f1os en los sistemas inform\u00e1ticos del proveedor de acceso, sus proveedores o terceros Usuarios de la red Internet.<\/li><li>No difundir, transmitir o poner a disposici\u00f3n de terceros cualquier tipo de informaci\u00f3n, elemento o contenido que atente contra los derechos fundamentales y las libertades p\u00fablicas reconocidos constitucionalmente y en los tratados internacionales.<\/li><li>No difundir, transmitir o poner a disposici\u00f3n de terceros cualquier tipo de informaci\u00f3n, elemento o contenido que constituya publicidad il\u00edcita o desleal.<\/li><li>No transmitir publicidad no solicitada o autorizada, material publicitario, \u00abcorreo basura\u00bb, \u00abcartas en cadena\u00bb, \u00abestructuras piramidales\u00bb, o cualquier otra forma de solicitaci\u00f3n, excepto en aquellas \u00e1reas (tales como espacios comerciales) que hayan sido exclusivamente concebidas para ello.<\/li><li>No introducir o difundir cualquier informaci\u00f3n y contenidos falsos, ambiguos o inexactos de forma que induzca a error a los receptores de la informaci\u00f3n.<\/li><li>No suplantar a otros Usuarios utilizando sus claves de registro para acceder a los distintos servicios y\/o contenidos del Sitio Web que lo requieran.<\/li><li>No difundir, transmitir o poner a disposici\u00f3n de terceros cualquier tipo de informaci\u00f3n, elemento o contenido que suponga una violaci\u00f3n de los derechos de propiedad intelectual e industrial, patentes, marcas o copyright que correspondan a los titulares del Sitio Web o a terceros.<\/li><li>No difundir, transmitir o poner a disposici\u00f3n de terceros cualquier tipo de informaci\u00f3n, elemento o contenido que suponga una violaci\u00f3n del secreto de las comunicaciones y la legislaci\u00f3n de datos de car\u00e1cter personal.<\/li><\/ol><p>El Usuario se obliga a mantener completamente indemne a el\u00a0club Triatl\u00f3n San Sebasti\u00e1n de los Reyes ante cualquier posible reclamaci\u00f3n, multa, pena o sanci\u00f3n que pueda venir obligada a soportar como consecuencia del incumplimiento por parte del Usuario de cualquiera de las normas de utilizaci\u00f3n antes indicadas, reserv\u00e1ndose el\u00a0club Triatl\u00f3n San Sebasti\u00e1n de los Reyes, adem\u00e1s, el derecho a solicitar la indemnizaci\u00f3n por da\u00f1os y perjuicios que corresponda.<\/p><h2>4. Exclusi\u00f3n de responsabilidad<\/h2><p>El acceso del Usuario al Sitio Web no implica para el\u00a0club Triatl\u00f3n San Sebasti\u00e1n de los Reyes la obligaci\u00f3n de controlar la ausencia de virus, gusanos o cualquier otro elemento inform\u00e1tico da\u00f1ino. Corresponde al Usuario, en todo caso, la disponibilidad de herramientas adecuadas para la detecci\u00f3n y desinfecci\u00f3n de programas inform\u00e1ticos da\u00f1inos.<\/p><p>el\u00a0club Triatl\u00f3n San Sebasti\u00e1n de los Reyes no se responsabiliza de los da\u00f1os producidos en el software y\/o equipos inform\u00e1ticos del Usuario o de terceros durante la utilizaci\u00f3n de los servicios ofrecidos en el Sitio Web o la navegaci\u00f3n por el mismo.<\/p><p>el\u00a0club Triatl\u00f3n San Sebasti\u00e1n de los Reyes no se responsabiliza de los da\u00f1os o perjuicios de cualquier tipo producidos en el Usuario que traigan causa de fallos o desconexiones en las redes de telecomunicaciones que produzcan la suspensi\u00f3n, cancelaci\u00f3n o interrupci\u00f3n del servicio del Sitio Web durante la prestaci\u00f3n del mismo o con car\u00e1cter previo.<\/p><h2>5. Contenidos y servicios enlazados a trav\u00e9s del Sitio Web<\/h2><p>El Sitio Web puede contener dispositivos t\u00e9cnicos de enlace, directorios e incluso instrumentos de b\u00fasqueda que permitan al Usuario acceder a otras p\u00e1ginas y portales de Internet (en adelante, \u201cSitios Enlazados\u201d). En estos casos, el\u00a0club Triatl\u00f3n San Sebasti\u00e1n de los Reyes s\u00f3lo ser\u00e1 responsable de los contenidos y servicios suministrados en los Sitios Enlazados en la medida en que tenga conocimiento efectivo de su ilicitud y no haya desactivado el enlace con la diligencia debida. En el supuesto de que el Usuario considere que existe un Sitio Enlazado con contenidos il\u00edcitos o inadecuados podr\u00e1 comunicarlo a el\u00a0club Triatl\u00f3n San Sebasti\u00e1n de los Reyes, sin que en ning\u00fan caso esta comunicaci\u00f3n suponga para el\u00a0club Triatl\u00f3n San Sebasti\u00e1n de los Reyes la obligaci\u00f3n de retirar el correspondiente enlace.<\/p><p>En ning\u00fan caso la existencia de Sitios Enlazados debe presuponer la formalizaci\u00f3n de acuerdos entre el\u00a0club Triatl\u00f3n San Sebasti\u00e1n de los Reyes y los responsables o titulares de los mismos, ni la recomendaci\u00f3n, promoci\u00f3n o identificaci\u00f3n de el\u00a0club Triatl\u00f3n San Sebasti\u00e1n de los Reyes con las manifestaciones, contenidos o servicios prove\u00eddos por dichos Sitios Enlazados.<\/p><p>A menos que se indique expresamente lo contrario en el Sitio Web, el\u00a0club Triatl\u00f3n San Sebasti\u00e1n de los Reyes no conoce los contenidos y servicios de los Sitios Enlazados y, por tanto, no se hace responsable de los da\u00f1os que puedan producir la ilicitud, calidad, desactualizaci\u00f3n, indisponibilidad, error e inutilidad de los contenidos y\/o servicios de los Sitios Enlazados, incluyendo cualquier otro da\u00f1o que no sea directamente imputable a el\u00a0club Triatl\u00f3n San Sebasti\u00e1n de los Reyes.<\/p><h2>6. Propiedad intelectual e industrial<\/h2><p>Todos los contenidos del Sitio Web, entendiendo por \u00e9stos, a t\u00edtulo meramente enunciativo, los textos, documentos, fotograf\u00edas, gr\u00e1ficos, im\u00e1genes, iconos, tecnolog\u00eda, software, links y dem\u00e1s contenidos audiovisuales o sonoros, as\u00ed como su dise\u00f1o gr\u00e1fico y c\u00f3digo fuente, son propiedad intelectual de el\u00a0club Triatl\u00f3n San Sebasti\u00e1n de los Reyes o de terceros, sin que puedan entenderse cedidos al Usuario ninguno de los derechos de explotaci\u00f3n reconocidos por la normativa vigente en materia de propiedad intelectual sobre los mismos.<\/p><p>El Usuario manifiesta ser el \u00fanico autor de todas las fotograf\u00edas, im\u00e1genes, textos y\/o comentarios (en adelante, \u201clos Contenidos\u201d) que publique en el Sitio Web o env\u00ede a trav\u00e9s del mismo, garantizando que el uso de los mismos en el Sitio Web no infringe los derechos de ning\u00fan tercero. Sobre dichos Contenidos, el Usuario cede gratuitamente a el\u00a0club Triatl\u00f3n San Sebasti\u00e1n de los Reyes los derechos de comunicaci\u00f3n p\u00fablica, reproducci\u00f3n, distribuci\u00f3n y transformaci\u00f3n, en todas las modalidades de explotaci\u00f3n existentes hasta la fecha de aceptaci\u00f3n de este Aviso legal. Dicha cesi\u00f3n se efect\u00faa para el \u00e1mbito territorial universal y por el tiempo correspondiente a toda la vida del Usuario y setenta a\u00f1os despu\u00e9s de su muerte o declaraci\u00f3n de fallecimiento.<\/p><p>Las marcas, nombres comerciales o signos distintivos publicados en el Sitio Web son titularidad de el\u00a0club Triatl\u00f3n San Sebasti\u00e1n de los Reyes o terceros, sin que pueda entenderse atribuido al Usuario derecho alguno sobre los mismos.<\/p><h2><strong>8. No aplicaci\u00f3n del derecho de desistimiento<\/strong><\/h2><p>De conformidad con lo previsto en el art\u00edculo 103 del Real Decreto Legislativo 1\/2007, de 16 de noviembre, por el que se aprueba el texto refundido de la Ley General para la Defensa de los Consumidores y Usuarios y otras leyes complementarias, se informa al Usuario de que no podr\u00e1 desistir del suministro de servicios de alojamiento para fines distintos del de servir de vivienda, transporte de bienes, alquiler de veh\u00edculos, comida o servicios relacionados con actividades de esparcimiento, si los contratos prev\u00e9n una fecha o un periodo de ejecuci\u00f3n espec\u00edficos.<\/p><h2><strong>9. Quejas, reclamaciones y solicitudes de informaci\u00f3n<\/strong><\/h2><p>El Usuario puede dirigir sus quejas, reclamaciones y\/o solicitudes de informaci\u00f3n a el\u00a0club Triatl\u00f3n San Sebasti\u00e1n de los Reyes, utilizando para ello cualquiera de las siguientes v\u00edas:<\/p><ol><li>Enviando un escrito a ____<\/li><li>Enviando un correo electr\u00f3nico a la direcci\u00f3n ____.<\/li><li>Llamando al tel\u00e9fono ____ en horario de 9:00 a 18:00, de Lunes a Viernes, excepto festivos.<\/li><\/ol><h2><strong>10. Nulidad e ineficacia de las cl\u00e1usulas<\/strong><\/h2><p>Si cualquier cl\u00e1usula incluida en este Aviso legal fuese declarada total o parcialmente nula o ineficaz, tal nulidad o ineficacia tan s\u00f3lo afectar\u00e1 a dicha disposici\u00f3n o a la parte de la misma que resulte nula o ineficaz, subsistiendo el Aviso legal en todo lo dem\u00e1s y consider\u00e1ndose tal disposici\u00f3n total o parcialmente por no incluida.<\/p><h2><strong>11. Legislaci\u00f3n aplicable y jurisdicci\u00f3n competente<\/strong><\/h2><p>Este Aviso legal se regir\u00e1 e interpretar\u00e1 conforme a la legislaci\u00f3n espa\u00f1ola. En caso de litigio entre el\u00a0club Triatl\u00f3n San Sebasti\u00e1n de los Reyes y el Usuario, ser\u00e1n competentes los juzgados y tribunales de la ciudad de Madrid, salvo que la legislaci\u00f3n aplicable establezca forzosamente otra cosa.<\/p><h2><strong>12. Resoluci\u00f3n alternativa de litigios en materia de consumo<\/strong><\/h2><p>Se informa al Usuario acerca de la existencia de una plataforma de resoluci\u00f3n de litigios en l\u00ednea de la Uni\u00f3n Europea, a la cual puede accederse <a href=\"https:\/\/ec.europa.eu\/consumers\/odr\/main\/index.cfm?event=main.home.chooseLanguage\">aqu\u00ed<\/a>.<\/p>\t\t\t\t\t\t\t\t<\/div>\n\t\t\t\t<\/div>\n\t\t\t\t\t<\/div>\n\t\t<\/div>\n\t\t\t\t\t<\/div>\n\t\t<\/section>\n\t\t\t\t<\/div>\n\t\t","protected":false},"excerpt":{"rendered":"<p>Aviso Legal Este Aviso legal (en adelante, \u00abel Aviso legal\u00bb), junto con la Pol\u00edtica de privacidad y cookies, rigen el acceso y la utilizaci\u00f3n del sitio web accesible a trav\u00e9s del nombre de dominio https:\/\/triatlonsanse.com\u00a0y sus subdominios (en adelante, \u00abel Sitio Web\u00bb), as\u00ed como la contrataci\u00f3n de productos y\/o servicios a trav\u00e9s del mismo. El [&hellip;]<\/p>\n","protected":false},"author":244,"featured_media":0,"parent":0,"menu_order":99,"comment_status":"closed","ping_status":"closed","template":"","meta":{"_acf_changed":false,"footnotes":""},"class_list":["post-3443","page","type-page","status-publish","hentry"],"acf":[],"_links":{"self":[{"href":"https:\/\/triatlonsanse.com\/triatlonsanse\/wp-json\/wp\/v2\/pages\/3443","targetHints":{"allow":["GET"]}}],"collection":[{"href":"https:\/\/triatlonsanse.com\/triatlonsanse\/wp-json\/wp\/v2\/pages"}],"about":[{"href":"https:\/\/triatlonsanse.com\/triatlonsanse\/wp-json\/wp\/v2\/types\/page"}],"author":[{"embeddable":true,"href":"https:\/\/triatlonsanse.com\/triatlonsanse\/wp-json\/wp\/v2\/users\/244"}],"replies":[{"embeddable":true,"href":"https:\/\/triatlonsanse.com\/triatlonsanse\/wp-json\/wp\/v2\/comments?post=3443"}],"version-history":[{"count":4,"href":"https:\/\/triatlonsanse.com\/triatlonsanse\/wp-json\/wp\/v2\/pages\/3443\/revisions"}],"predecessor-version":[{"id":3447,"href":"https:\/\/triatlonsanse.com\/triatlonsanse\/wp-json\/wp\/v2\/pages\/3443\/revisions\/3447"}],"wp:attachment":[{"href":"https:\/\/triatlonsanse.com\/triatlonsanse\/wp-json\/wp\/v2\/media?parent=3443"}],"curies":[{"name":"wp","href":"https:\/\/api.w.org\/{rel}","templated":true}]}}